{"id":14677,"date":"2024-12-31T13:14:52","date_gmt":"2024-12-31T13:14:52","guid":{"rendered":"https:\/\/granitigmbh.ch\/mentions-legales\/"},"modified":"2025-01-15T09:03:42","modified_gmt":"2025-01-15T09:03:42","slug":"mentions-legales","status":"publish","type":"page","link":"https:\/\/granitigmbh.ch\/fr\/mentions-legales\/","title":{"rendered":"Mentions l\u00e9gales"},"content":{"rendered":"\n<h1 class=\"wp-block-heading\">Mentions l\u00e9gales<\/h1>\n\n<p class=\"has-text-align-left\"><\/p><h2>Adresse de contact<\/h2>\n\n<p class=\"has-text-align-left\">Graniti GmbH<br\/>Im Baumgarten 5<br\/>2542 Pieterlen<br\/>Suisse<\/p>\n\n<p class=\"has-text-align-left\">Courrier \u00e9lectronique :<br\/>info@granitigmbh.ch<\/p>\n\n<p class=\"has-text-align-left\"><\/p><h2>Personne(s) habilit\u00e9e(s) \u00e0 repr\u00e9senter l&rsquo;entreprise<\/h2>\n\n<p class=\"has-text-align-left\">Bashkim Sahiti, directeur g\u00e9n\u00e9ral<\/p>\n\n<p class=\"has-text-align-left\"><\/p><h2>Inscription au registre du commerce<\/h2>\n\n<p class=\"has-text-align-left\">Raison sociale enregistr\u00e9e : Graniti GmbH, Registre du commerce n\u00b0 : CHE-112.424.324<\/p>\n\n<p class=\"has-text-align-left\"><\/p><h2>Clause de non-responsabilit\u00e9<\/h2>\n\n<p class=\"has-text-align-left\">L&rsquo;auteur n&rsquo;assume aucune responsabilit\u00e9 quant \u00e0 la v\u00e9racit\u00e9, l&rsquo;exactitude, l&rsquo;actualit\u00e9, la fiabilit\u00e9 et l&rsquo;exhaustivit\u00e9 du contenu des informations.<\/p>\n\n<p class=\"has-text-align-left\">L&rsquo;auteur ne saurait \u00eatre tenu pour responsable des dommages mat\u00e9riels ou immat\u00e9riels qui pourraient \u00eatre caus\u00e9s par l&rsquo;acc\u00e8s aux informations diffus\u00e9es ou par leur utilisation ou non-utilisation, par le mauvais usage de la connexion ou par des probl\u00e8mes techniques.<\/p>\n\n<p class=\"has-text-align-left\">Toutes les offres sont sans engagement. L&rsquo;auteur se r\u00e9serve express\u00e9ment le droit de modifier, de compl\u00e9ter ou de supprimer des parties de pages ou l&rsquo;ensemble de l&rsquo;offre sans pr\u00e9avis particulier, ou d&rsquo;en suspendre temporairement ou d\u00e9finitivement la publication.<\/p>\n\n<p class=\"has-text-align-left\"><\/p><h2>Clause de non-responsabilit\u00e9 pour les liens<\/h2>\n\n<p class=\"has-text-align-left\">Les r\u00e9f\u00e9rences et les liens vers des sites web de tiers ne rel\u00e8vent pas de notre responsabilit\u00e9. Nous d\u00e9clinons toute responsabilit\u00e9 pour de tels sites. L&rsquo;acc\u00e8s \u00e0 ces sites et leur utilisation se font aux risques et p\u00e9rils de l&rsquo;utilisateur.<\/p>\n\n<p class=\"has-text-align-left\"><strong>Droits d&rsquo;auteur<\/strong><\/p>\n\n<p class=\"has-text-align-left\">Les droits d&rsquo;auteur et tous les autres droits li\u00e9s aux contenus, images, photos ou autres fichiers pr\u00e9sents sur ce site sont la propri\u00e9t\u00e9 exclusive de <strong>Graniti GmbH<\/strong> ou des d\u00e9tenteurs de droits sp\u00e9cifiquement mentionn\u00e9s. La reproduction de tout \u00e9l\u00e9ment doit faire l&rsquo;objet d&rsquo;une autorisation \u00e9crite pr\u00e9alable du titulaire des droits d&rsquo;auteur.<\/p>\n\n<p class=\"has-text-align-left\">Source : <a href=\"https:\/\/www.swissanwalt.ch\" target=\"_blank\" rel=\"noreferrer noopener\">SwissAnwalt<\/a><\/p>\n\n<p><\/p>\n","protected":false},"excerpt":{"rendered":"<p>Mentions l\u00e9gales Adresse de contact Graniti GmbHIm Baumgarten 52542 PieterlenSuisse Courrier \u00e9lectronique :info@granitigmbh.ch Personne(s) habilit\u00e9e(s) \u00e0 repr\u00e9senter l&rsquo;entreprise Bashkim Sahiti, directeur g\u00e9n\u00e9ral Inscription au registre du commerce Raison sociale enregistr\u00e9e : Graniti GmbH, Registre du commerce n\u00b0 : CHE-112.424.324 Clause de non-responsabilit\u00e9 L&rsquo;auteur n&rsquo;assume aucune responsabilit\u00e9 quant \u00e0 la v\u00e9racit\u00e9, l&rsquo;exactitude, l&rsquo;actualit\u00e9, la fiabilit\u00e9 et [&hellip;]<\/p>\n","protected":false},"author":2,"featured_media":0,"parent":0,"menu_order":0,"comment_status":"closed","ping_status":"open","template":"","meta":{"footnotes":""},"class_list":["post-14677","page","type-page","status-publish","hentry"],"yoast_head":"<!-- This site is optimized with the Yoast SEO plugin v27.1.1 - https:\/\/yoast.com\/product\/yoast-seo-wordpress\/ -->\n<title>Mentions l\u00e9gales - Graniti GmbH<\/title>\n<meta name=\"robots\" content=\"index, follow, max-snippet:-1, max-image-preview:large, max-video-preview:-1\" \/>\n<link rel=\"canonical\" href=\"https:\/\/granitigmbh.ch\/fr\/mentions-legales\/\" \/>\n<meta property=\"og:locale\" content=\"fr_FR\" \/>\n<meta property=\"og:type\" content=\"article\" \/>\n<meta property=\"og:title\" content=\"Mentions l\u00e9gales - Graniti GmbH\" \/>\n<meta property=\"og:description\" content=\"Mentions l\u00e9gales Adresse de contact Graniti GmbHIm Baumgarten 52542 PieterlenSuisse Courrier \u00e9lectronique :info@granitigmbh.ch Personne(s) habilit\u00e9e(s) \u00e0 repr\u00e9senter l&rsquo;entreprise Bashkim Sahiti, directeur g\u00e9n\u00e9ral Inscription au registre du commerce Raison sociale enregistr\u00e9e : Graniti GmbH, Registre du commerce n\u00b0 : CHE-112.424.324 Clause de non-responsabilit\u00e9 L&rsquo;auteur n&rsquo;assume aucune responsabilit\u00e9 quant \u00e0 la v\u00e9racit\u00e9, l&rsquo;exactitude, l&rsquo;actualit\u00e9, la fiabilit\u00e9 et [&hellip;]\" \/>\n<meta property=\"og:url\" content=\"https:\/\/granitigmbh.ch\/fr\/mentions-legales\/\" \/>\n<meta property=\"og:site_name\" content=\"Graniti GmbH\" \/>\n<meta property=\"article:modified_time\" content=\"2025-01-15T09:03:42+00:00\" \/>\n<meta name=\"twitter:card\" content=\"summary_large_image\" \/>\n<meta name=\"twitter:label1\" content=\"Dur\u00e9e de lecture estim\u00e9e\" \/>\n\t<meta name=\"twitter:data1\" content=\"1 minute\" \/>\n<script type=\"application\/ld+json\" class=\"yoast-schema-graph\">{\"@context\":\"https:\/\/schema.org\",\"@graph\":[{\"@type\":\"WebPage\",\"@id\":\"https:\/\/granitigmbh.ch\/fr\/mentions-legales\/\",\"url\":\"https:\/\/granitigmbh.ch\/fr\/mentions-legales\/\",\"name\":\"Mentions l\u00e9gales - Graniti GmbH\",\"isPartOf\":{\"@id\":\"https:\/\/granitigmbh.ch\/#website\"},\"datePublished\":\"2024-12-31T13:14:52+00:00\",\"dateModified\":\"2025-01-15T09:03:42+00:00\",\"breadcrumb\":{\"@id\":\"https:\/\/granitigmbh.ch\/fr\/mentions-legales\/#breadcrumb\"},\"inLanguage\":\"fr-FR\",\"potentialAction\":[{\"@type\":\"ReadAction\",\"target\":[\"https:\/\/granitigmbh.ch\/fr\/mentions-legales\/\"]}]},{\"@type\":\"BreadcrumbList\",\"@id\":\"https:\/\/granitigmbh.ch\/fr\/mentions-legales\/#breadcrumb\",\"itemListElement\":[{\"@type\":\"ListItem\",\"position\":1,\"name\":\"Startseite\",\"item\":\"https:\/\/granitigmbh.ch\/fr\/graniti-gmbh\/\"},{\"@type\":\"ListItem\",\"position\":2,\"name\":\"Mentions l\u00e9gales\"}]},{\"@type\":\"WebSite\",\"@id\":\"https:\/\/granitigmbh.ch\/#website\",\"url\":\"https:\/\/granitigmbh.ch\/\",\"name\":\"Graniti GmbH\",\"description\":\"\",\"publisher\":{\"@id\":\"https:\/\/granitigmbh.ch\/#organization\"},\"potentialAction\":[{\"@type\":\"SearchAction\",\"target\":{\"@type\":\"EntryPoint\",\"urlTemplate\":\"https:\/\/granitigmbh.ch\/?s={search_term_string}\"},\"query-input\":{\"@type\":\"PropertyValueSpecification\",\"valueRequired\":true,\"valueName\":\"search_term_string\"}}],\"inLanguage\":\"fr-FR\"},{\"@type\":\"Organization\",\"@id\":\"https:\/\/granitigmbh.ch\/#organization\",\"name\":\"Graniti GmbH\",\"url\":\"https:\/\/granitigmbh.ch\/\",\"logo\":{\"@type\":\"ImageObject\",\"inLanguage\":\"fr-FR\",\"@id\":\"https:\/\/granitigmbh.ch\/#\/schema\/logo\/image\/\",\"url\":\"http:\/\/granitigmbh.ch\/wp-content\/uploads\/2024\/12\/granitilogo.png\",\"contentUrl\":\"http:\/\/granitigmbh.ch\/wp-content\/uploads\/2024\/12\/granitilogo.png\",\"width\":863,\"height\":237,\"caption\":\"Graniti GmbH\"},\"image\":{\"@id\":\"https:\/\/granitigmbh.ch\/#\/schema\/logo\/image\/\"}}]}<\/script>\n<!-- \/ Yoast SEO plugin. -->","yoast_head_json":{"title":"Mentions l\u00e9gales - Graniti GmbH","robots":{"index":"index","follow":"follow","max-snippet":"max-snippet:-1","max-image-preview":"max-image-preview:large","max-video-preview":"max-video-preview:-1"},"canonical":"https:\/\/granitigmbh.ch\/fr\/mentions-legales\/","og_locale":"fr_FR","og_type":"article","og_title":"Mentions l\u00e9gales - Graniti GmbH","og_description":"Mentions l\u00e9gales Adresse de contact Graniti GmbHIm Baumgarten 52542 PieterlenSuisse Courrier \u00e9lectronique :info@granitigmbh.ch Personne(s) habilit\u00e9e(s) \u00e0 repr\u00e9senter l&rsquo;entreprise Bashkim Sahiti, directeur g\u00e9n\u00e9ral Inscription au registre du commerce Raison sociale enregistr\u00e9e : Graniti GmbH, Registre du commerce n\u00b0 : CHE-112.424.324 Clause de non-responsabilit\u00e9 L&rsquo;auteur n&rsquo;assume aucune responsabilit\u00e9 quant \u00e0 la v\u00e9racit\u00e9, l&rsquo;exactitude, l&rsquo;actualit\u00e9, la fiabilit\u00e9 et [&hellip;]","og_url":"https:\/\/granitigmbh.ch\/fr\/mentions-legales\/","og_site_name":"Graniti GmbH","article_modified_time":"2025-01-15T09:03:42+00:00","twitter_card":"summary_large_image","twitter_misc":{"Dur\u00e9e de lecture estim\u00e9e":"1 minute"},"schema":{"@context":"https:\/\/schema.org","@graph":[{"@type":"WebPage","@id":"https:\/\/granitigmbh.ch\/fr\/mentions-legales\/","url":"https:\/\/granitigmbh.ch\/fr\/mentions-legales\/","name":"Mentions l\u00e9gales - Graniti GmbH","isPartOf":{"@id":"https:\/\/granitigmbh.ch\/#website"},"datePublished":"2024-12-31T13:14:52+00:00","dateModified":"2025-01-15T09:03:42+00:00","breadcrumb":{"@id":"https:\/\/granitigmbh.ch\/fr\/mentions-legales\/#breadcrumb"},"inLanguage":"fr-FR","potentialAction":[{"@type":"ReadAction","target":["https:\/\/granitigmbh.ch\/fr\/mentions-legales\/"]}]},{"@type":"BreadcrumbList","@id":"https:\/\/granitigmbh.ch\/fr\/mentions-legales\/#breadcrumb","itemListElement":[{"@type":"ListItem","position":1,"name":"Startseite","item":"https:\/\/granitigmbh.ch\/fr\/graniti-gmbh\/"},{"@type":"ListItem","position":2,"name":"Mentions l\u00e9gales"}]},{"@type":"WebSite","@id":"https:\/\/granitigmbh.ch\/#website","url":"https:\/\/granitigmbh.ch\/","name":"Graniti GmbH","description":"","publisher":{"@id":"https:\/\/granitigmbh.ch\/#organization"},"potentialAction":[{"@type":"SearchAction","target":{"@type":"EntryPoint","urlTemplate":"https:\/\/granitigmbh.ch\/?s={search_term_string}"},"query-input":{"@type":"PropertyValueSpecification","valueRequired":true,"valueName":"search_term_string"}}],"inLanguage":"fr-FR"},{"@type":"Organization","@id":"https:\/\/granitigmbh.ch\/#organization","name":"Graniti GmbH","url":"https:\/\/granitigmbh.ch\/","logo":{"@type":"ImageObject","inLanguage":"fr-FR","@id":"https:\/\/granitigmbh.ch\/#\/schema\/logo\/image\/","url":"http:\/\/granitigmbh.ch\/wp-content\/uploads\/2024\/12\/granitilogo.png","contentUrl":"http:\/\/granitigmbh.ch\/wp-content\/uploads\/2024\/12\/granitilogo.png","width":863,"height":237,"caption":"Graniti GmbH"},"image":{"@id":"https:\/\/granitigmbh.ch\/#\/schema\/logo\/image\/"}}]}},"_links":{"self":[{"href":"https:\/\/granitigmbh.ch\/fr\/wp-json\/wp\/v2\/pages\/14677","targetHints":{"allow":["GET"]}}],"collection":[{"href":"https:\/\/granitigmbh.ch\/fr\/wp-json\/wp\/v2\/pages"}],"about":[{"href":"https:\/\/granitigmbh.ch\/fr\/wp-json\/wp\/v2\/types\/page"}],"author":[{"embeddable":true,"href":"https:\/\/granitigmbh.ch\/fr\/wp-json\/wp\/v2\/users\/2"}],"replies":[{"embeddable":true,"href":"https:\/\/granitigmbh.ch\/fr\/wp-json\/wp\/v2\/comments?post=14677"}],"version-history":[{"count":2,"href":"https:\/\/granitigmbh.ch\/fr\/wp-json\/wp\/v2\/pages\/14677\/revisions"}],"predecessor-version":[{"id":14679,"href":"https:\/\/granitigmbh.ch\/fr\/wp-json\/wp\/v2\/pages\/14677\/revisions\/14679"}],"wp:attachment":[{"href":"https:\/\/granitigmbh.ch\/fr\/wp-json\/wp\/v2\/media?parent=14677"}],"curies":[{"name":"wp","href":"https:\/\/api.w.org\/{rel}","templated":true}]}}